{"id":67,"date":"2026-02-09T13:43:20","date_gmt":"2026-02-09T13:43:20","guid":{"rendered":"https:\/\/jpgeotop.cl\/?page_id=67"},"modified":"2026-02-09T13:46:53","modified_gmt":"2026-02-09T13:46:53","slug":"servicios","status":"publish","type":"page","link":"https:\/\/jpgeotop.cl\/?page_id=67","title":{"rendered":"SERVICIOS"},"content":{"rendered":"\n<div class=\"wp-block-group is-vertical is-layout-flex wp-container-core-group-is-layout-8cf370e7 wp-block-group-is-layout-flex\">\n<p class=\"has-background has-medium-font-size wp-container-content-9cfa9a5a\" style=\"background:linear-gradient(184deg,rgb(238,238,238) 0%,rgb(169,184,195) 100%)\">\ud83d\uddfa\ufe0f Servicios de JPGeotop<\/p>\n\n\n\n<p class=\"has-background has-medium-font-size wp-container-content-9cfa9a5a\" style=\"background:linear-gradient(184deg,rgb(238,238,238) 0%,rgb(169,184,195) 100%)\"><br>\ud83d\udcd0 Levantamientos Topogr\u00e1ficos<br>Levantamientos planim\u00e9tricos y altim\u00e9tricos<br>Curvas de nivel y modelos digitales de terreno<br>Topograf\u00eda para proyectos habitacionales, agr\u00edcolas e industriales<\/p>\n\n\n\n<p class=\"has-background has-medium-font-size wp-container-content-9cfa9a5a\" style=\"background:linear-gradient(184deg,rgb(238,238,238) 0%,rgb(169,184,195) 100%)\"><br>\ud83d\udef0\ufe0f Geodesia y GNSS<br>Posicionamiento con equipos GNSS de alta precisi\u00f3n<br>Georreferenciaci\u00f3n de proyectos<br>Redes de apoyo topogr\u00e1fico<\/p>\n\n\n\n<p class=\"has-background has-medium-font-size wp-container-content-9cfa9a5a\" style=\"background:linear-gradient(184deg,rgb(238,238,238) 0%,rgb(169,184,195) 100%)\"><br>\ud83d\udea7 Replanteos de Obra<br>Replanteo de ejes, fundaciones y estructuras<br>Control geom\u00e9trico de obras<br>Asistencia t\u00e9cnica en terreno<\/p>\n\n\n\n<p class=\"has-background has-medium-font-size wp-container-content-9cfa9a5a\" style=\"background:linear-gradient(184deg,rgb(238,238,238) 0%,rgb(169,184,195) 100%)\"><br>\ud83d\udcca Cubicaciones y Vol\u00famenes<br>C\u00e1lculo de movimiento de tierras<br>Medici\u00f3n de cortes y rellenos<br>Vol\u00famenes para faenas y proyectos viales<\/p>\n\n\n\n<p class=\"has-background has-medium-font-size wp-container-content-9cfa9a5a\" style=\"background:linear-gradient(184deg,rgb(238,238,238) 0%,rgb(169,184,195) 100%)\"><br>\ud83d\udcf7 Fotogrametr\u00eda con Dron<br>Vuelos con dron para levantamientos a\u00e9reos<br>Ortofotos y modelos 3D<br>Inspecci\u00f3n de terrenos, faenas y parcelas<\/p>\n\n\n\n<p class=\"has-background has-medium-font-size wp-container-content-9cfa9a5a\" style=\"background:linear-gradient(184deg,rgb(238,238,238) 0%,rgb(169,184,195) 100%)\"><br>\ud83c\udfd7\ufe0f Topograf\u00eda para Obras Civiles<br>Carreteras, loteos y urbanizaciones<br>Control de avance de obra<br>As-built (planos conforme a obra ejecutada)<\/p>\n\n\n\n<p class=\"has-background has-medium-font-size wp-container-content-9cfa9a5a\" style=\"background:linear-gradient(184deg,rgb(238,238,238) 0%,rgb(169,184,195) 100%)\"><br>\ud83d\udcd1 Planos y Documentaci\u00f3n T\u00e9cnica<br>Planos topogr\u00e1ficos georreferenciados<br>Informes t\u00e9cnicos<br>Entrega en formato digital y compatible con AutoCAD \/ GIS<\/p>\n\n\n\n<p class=\"has-background has-medium-font-size wp-container-content-9cfa9a5a\" style=\"background:linear-gradient(184deg,rgb(238,238,238) 0%,rgb(169,184,195) 100%)\"><br>\ud83c\udf0e Servicios a Todo Chile<br>Atenci\u00f3n en terreno a lo largo del pa\u00eds<br>Movilizaci\u00f3n y equipos propios<\/p>\n<\/div>\n","protected":false},"excerpt":{"rendered":"<p>\ud83d\uddfa\ufe0f Servicios de JPGeotop \ud83d\udcd0 Levantamientos Topogr\u00e1ficosLevantamientos planim\u00e9tricos y altim\u00e9tricosCurvas de nivel y modelos digitales de terrenoTopograf\u00eda para proyectos habitacionales, agr\u00edcolas e industriales \ud83d\udef0\ufe0f Geodesia y GNSSPosicionamiento con equipos GNSS de alta precisi\u00f3nGeorreferenciaci\u00f3n de proyectosRedes de apoyo topogr\u00e1fico \ud83d\udea7 Replanteos de ObraReplanteo de ejes, fundaciones y estructurasControl geom\u00e9trico de obrasAsistencia t\u00e9cnica en terreno \ud83d\udcca Cubicaciones [&hellip;]<\/p>\n","protected":false},"author":1,"featured_media":0,"parent":0,"menu_order":0,"comment_status":"closed","ping_status":"closed","template":"","meta":{"footnotes":""},"class_list":["post-67","page","type-page","status-publish","hentry"],"jetpack_sharing_enabled":true,"_links":{"self":[{"href":"https:\/\/jpgeotop.cl\/index.php?rest_route=\/wp\/v2\/pages\/67","targetHints":{"allow":["GET"]}}],"collection":[{"href":"https:\/\/jpgeotop.cl\/index.php?rest_route=\/wp\/v2\/pages"}],"about":[{"href":"https:\/\/jpgeotop.cl\/index.php?rest_route=\/wp\/v2\/types\/page"}],"author":[{"embeddable":true,"href":"https:\/\/jpgeotop.cl\/index.php?rest_route=\/wp\/v2\/users\/1"}],"replies":[{"embeddable":true,"href":"https:\/\/jpgeotop.cl\/index.php?rest_route=%2Fwp%2Fv2%2Fcomments&post=67"}],"version-history":[{"count":4,"href":"https:\/\/jpgeotop.cl\/index.php?rest_route=\/wp\/v2\/pages\/67\/revisions"}],"predecessor-version":[{"id":71,"href":"https:\/\/jpgeotop.cl\/index.php?rest_route=\/wp\/v2\/pages\/67\/revisions\/71"}],"wp:attachment":[{"href":"https:\/\/jpgeotop.cl\/index.php?rest_route=%2Fwp%2Fv2%2Fmedia&parent=67"}],"curies":[{"name":"wp","href":"https:\/\/api.w.org\/{rel}","templated":true}]}}