{"id":20,"date":"2026-02-09T13:06:01","date_gmt":"2026-02-09T13:06:01","guid":{"rendered":"https:\/\/jpgeotop.cl\/?page_id=20"},"modified":"2026-02-09T13:13:57","modified_gmt":"2026-02-09T13:13:57","slug":"quienes-somos","status":"publish","type":"page","link":"https:\/\/jpgeotop.cl\/?page_id=20","title":{"rendered":"QUIENES SOMOS"},"content":{"rendered":"\n<h2 class=\"wp-block-heading\">Somos un servicio de topograf\u00eda profesional orientado a entregar soluciones precisas, r\u00e1pidas y confiables para proyectos de construcci\u00f3n, obras civiles, parcelaciones, levantamientos rurales y trabajos con tecnolog\u00eda GNSS y drones.<br>Nos caracterizamos por el uso de instrumental de \u00faltima generaci\u00f3n, atenci\u00f3n personalizada y compromiso total con cada cliente. Trabajamos en todo Chile, ofreciendo resultados claros, planos bien definidos y datos listos para obra o tramitaci\u00f3n.<br>Nuestro objetivo es aportar seguridad t\u00e9cnica a cada proyecto, optimizando tiempos y costos mediante un trabajo serio, responsable y transparente. Nuestros servicios est\u00e1n al alcance de todos, precios econ\u00f3micos y asequibles<\/h2>\n\n\n\n<p class=\"has-white-color has-text-color has-link-color wp-elements-c645e628e62f8fbab9d9726851472d16\"><\/p>\n\n\n\n<p><\/p>\n","protected":false},"excerpt":{"rendered":"<p>Somos un servicio de topograf\u00eda profesional orientado a entregar soluciones precisas, r\u00e1pidas y confiables para proyectos de construcci\u00f3n, obras civiles, parcelaciones, levantamientos rurales y trabajos con tecnolog\u00eda GNSS y drones.Nos caracterizamos por el uso de instrumental de \u00faltima generaci\u00f3n, atenci\u00f3n personalizada y compromiso total con cada cliente. Trabajamos en todo Chile, ofreciendo resultados claros, planos [&hellip;]<\/p>\n","protected":false},"author":1,"featured_media":27,"parent":0,"menu_order":0,"comment_status":"closed","ping_status":"closed","template":"","meta":{"footnotes":""},"class_list":["post-20","page","type-page","status-publish","has-post-thumbnail","hentry"],"jetpack_sharing_enabled":true,"_links":{"self":[{"href":"https:\/\/jpgeotop.cl\/index.php?rest_route=\/wp\/v2\/pages\/20","targetHints":{"allow":["GET"]}}],"collection":[{"href":"https:\/\/jpgeotop.cl\/index.php?rest_route=\/wp\/v2\/pages"}],"about":[{"href":"https:\/\/jpgeotop.cl\/index.php?rest_route=\/wp\/v2\/types\/page"}],"author":[{"embeddable":true,"href":"https:\/\/jpgeotop.cl\/index.php?rest_route=\/wp\/v2\/users\/1"}],"replies":[{"embeddable":true,"href":"https:\/\/jpgeotop.cl\/index.php?rest_route=%2Fwp%2Fv2%2Fcomments&post=20"}],"version-history":[{"count":5,"href":"https:\/\/jpgeotop.cl\/index.php?rest_route=\/wp\/v2\/pages\/20\/revisions"}],"predecessor-version":[{"id":26,"href":"https:\/\/jpgeotop.cl\/index.php?rest_route=\/wp\/v2\/pages\/20\/revisions\/26"}],"wp:featuredmedia":[{"embeddable":true,"href":"https:\/\/jpgeotop.cl\/index.php?rest_route=\/wp\/v2\/media\/27"}],"wp:attachment":[{"href":"https:\/\/jpgeotop.cl\/index.php?rest_route=%2Fwp%2Fv2%2Fmedia&parent=20"}],"curies":[{"name":"wp","href":"https:\/\/api.w.org\/{rel}","templated":true}]}}